{"id":637,"date":"2021-06-12T06:25:18","date_gmt":"2021-06-12T06:25:18","guid":{"rendered":"http:\/\/bobtransport.de\/?page_id=637"},"modified":"2023-03-07T19:47:04","modified_gmt":"2023-03-07T19:47:04","slug":"about","status":"publish","type":"page","link":"https:\/\/bobtransport.de\/?page_id=637","title":{"rendered":"About"},"content":{"rendered":"\t\t<div data-elementor-type=\"wp-page\" data-elementor-id=\"637\" class=\"elementor elementor-637\">\n\t\t\t\t\t\t\t\t\t<section class=\"elementor-section elementor-top-section elementor-element elementor-element-2e7999a elementor-section-height-min-height elementor-section-boxed elementor-section-height-default elementor-section-items-middle\" data-id=\"2e7999a\" data-element_type=\"section\" data-settings=\"{&quot;background_background&quot;:&quot;slideshow&quot;,&quot;background_slideshow_gallery&quot;:[{&quot;id&quot;:1359,&quot;url&quot;:&quot;http:\\\/\\\/bobtransport.de\\\/wp-content\\\/uploads\\\/2023\\\/03\\\/original-e1678214328836.jpg&quot;},{&quot;id&quot;:1374,&quot;url&quot;:&quot;http:\\\/\\\/bobtransport.de\\\/wp-content\\\/uploads\\\/2023\\\/03\\\/new1-e1678214132644.jpg&quot;},{&quot;id&quot;:990,&quot;url&quot;:&quot;http:\\\/\\\/bobtransport.de\\\/wp-content\\\/uploads\\\/2023\\\/03\\\/Privatumzug.jpg&quot;}],&quot;background_slideshow_loop&quot;:&quot;yes&quot;,&quot;background_slideshow_slide_duration&quot;:5000,&quot;background_slideshow_slide_transition&quot;:&quot;fade&quot;,&quot;background_slideshow_transition_duration&quot;:500}\">\n\t\t\t\t\t\t\t<div class=\"elementor-background-overlay\"><\/div>\n\t\t\t\t\t\t\t<div class=\"elementor-container elementor-column-gap-no\">\n\t\t\t\t\t<div class=\"elementor-column elementor-col-100 elementor-top-column elementor-element elementor-element-1c4544c\" data-id=\"1c4544c\" data-element_type=\"column\">\n\t\t\t<div class=\"elementor-widget-wrap elementor-element-populated\">\n\t\t\t\t\t\t\t\t<div class=\"elementor-element elementor-element-14d7be3 elementor-widget elementor-widget-heading\" data-id=\"14d7be3\" data-element_type=\"widget\" data-widget_type=\"heading.default\">\n\t\t\t\t<div class=\"elementor-widget-container\">\n\t\t\t<style>\/*! elementor - v3.11.3 - 07-03-2023 *\/\n.elementor-heading-title{padding:0;margin:0;line-height:1}.elementor-widget-heading .elementor-heading-title[class*=elementor-size-]>a{color:inherit;font-size:inherit;line-height:inherit}.elementor-widget-heading .elementor-heading-title.elementor-size-small{font-size:15px}.elementor-widget-heading .elementor-heading-title.elementor-size-medium{font-size:19px}.elementor-widget-heading .elementor-heading-title.elementor-size-large{font-size:29px}.elementor-widget-heading .elementor-heading-title.elementor-size-xl{font-size:39px}.elementor-widget-heading .elementor-heading-title.elementor-size-xxl{font-size:59px}<\/style><h1 class=\"elementor-heading-title elementor-size-default\">\u00dcber uns:<\/h1>\t\t<\/div>\n\t\t\t\t<\/div>\n\t\t\t\t\t<\/div>\n\t\t<\/div>\n\t\t\t\t\t\t\t<\/div>\n\t\t<\/section>\n\t\t\t\t<section class=\"elementor-section elementor-top-section elementor-element elementor-element-d21b3db elementor-section-boxed elementor-section-height-default elementor-section-height-default\" data-id=\"d21b3db\" data-element_type=\"section\" data-settings=\"{&quot;background_background&quot;:&quot;classic&quot;}\">\n\t\t\t\t\t\t<div class=\"elementor-container elementor-column-gap-default\">\n\t\t\t\t\t<div class=\"elementor-column elementor-col-50 elementor-top-column elementor-element elementor-element-a5164b7\" data-id=\"a5164b7\" data-element_type=\"column\">\n\t\t\t<div class=\"elementor-widget-wrap elementor-element-populated\">\n\t\t\t\t\t\t\t\t<div class=\"elementor-element elementor-element-92d2ff8 elementor-widget elementor-widget-heading\" data-id=\"92d2ff8\" data-element_type=\"widget\" data-widget_type=\"heading.default\">\n\t\t\t\t<div class=\"elementor-widget-container\">\n\t\t\t<h6 class=\"elementor-heading-title elementor-size-default\">\u00dcber Bobtransporte<\/h6>\t\t<\/div>\n\t\t\t\t<\/div>\n\t\t\t\t<div class=\"elementor-element elementor-element-916f03e elementor-view-default elementor-vertical-align-top elementor-widget elementor-widget-icon-box\" data-id=\"916f03e\" data-element_type=\"widget\" data-widget_type=\"icon-box.default\">\n\t\t\t\t<div class=\"elementor-widget-container\">\n\t\t\t<link rel=\"stylesheet\" href=\"https:\/\/bobtransport.de\/wp-content\/plugins\/elementor\/assets\/css\/widget-icon-box.min.css\">\t\t<div class=\"elementor-icon-box-wrapper\">\n\t\t\t\t\t\t<div class=\"elementor-icon-box-content\">\n\t\t\t\t<h2 class=\"elementor-icon-box-title\">\n\t\t\t\t\t<span  >\n\t\t\t\t\t\t\t\t\t\t\t<\/span>\n\t\t\t\t<\/h2>\n\t\t\t\t\t\t\t\t\t<p class=\"elementor-icon-box-description\">\n\t\t\t\t\t\tWir sind ein Umzugsunternehmen aus Niedernhausen. \nDurch jahrelange Umzugserfahrung wissen wir\ngenau, was zu tun ist, um Ihre M\u00f6bel sicher an den Zielort zu transportieren.\t\t\t\t\t<\/p>\n\t\t\t\t\t\t\t<\/div>\n\t\t<\/div>\n\t\t\t\t<\/div>\n\t\t\t\t<\/div>\n\t\t\t\t<div class=\"elementor-element elementor-element-836f24c elementor-hidden-mobile elementor-widget elementor-widget-image\" data-id=\"836f24c\" data-element_type=\"widget\" data-widget_type=\"image.default\">\n\t\t\t\t<div class=\"elementor-widget-container\">\n\t\t\t<style>\/*! elementor - v3.11.3 - 07-03-2023 *\/\n.elementor-widget-image{text-align:center}.elementor-widget-image a{display:inline-block}.elementor-widget-image a img[src$=\".svg\"]{width:48px}.elementor-widget-image img{vertical-align:middle;display:inline-block}<\/style>\t\t\t\t\t\t\t\t\t\t\t\t<img decoding=\"async\" width=\"920\" height=\"1024\" src=\"https:\/\/bobtransport.de\/wp-content\/uploads\/2023\/03\/chef-e1678218073480-920x1024.jpg\" class=\"attachment-large size-large wp-image-1364\" alt=\"\" loading=\"lazy\" srcset=\"https:\/\/bobtransport.de\/wp-content\/uploads\/2023\/03\/chef-e1678218073480-920x1024.jpg 920w, https:\/\/bobtransport.de\/wp-content\/uploads\/2023\/03\/chef-e1678218073480-270x300.jpg 270w, https:\/\/bobtransport.de\/wp-content\/uploads\/2023\/03\/chef-e1678218073480-768x855.jpg 768w, https:\/\/bobtransport.de\/wp-content\/uploads\/2023\/03\/chef-e1678218073480.jpg 1375w\" sizes=\"(max-width: 920px) 100vw, 920px\" \/>\t\t\t\t\t\t\t\t\t\t\t\t\t\t\t<\/div>\n\t\t\t\t<\/div>\n\t\t\t\t\t<\/div>\n\t\t<\/div>\n\t\t\t\t<div class=\"elementor-column elementor-col-50 elementor-top-column elementor-element elementor-element-f3df490\" data-id=\"f3df490\" data-element_type=\"column\">\n\t\t\t<div class=\"elementor-widget-wrap elementor-element-populated\">\n\t\t\t\t\t\t\t\t<div class=\"elementor-element elementor-element-9a830e6 elementor-widget elementor-widget-text-editor\" data-id=\"9a830e6\" data-element_type=\"widget\" data-widget_type=\"text-editor.default\">\n\t\t\t\t<div class=\"elementor-widget-container\">\n\t\t\t<style>\/*! elementor - v3.11.3 - 07-03-2023 *\/\n.elementor-widget-text-editor.elementor-drop-cap-view-stacked .elementor-drop-cap{background-color:#818a91;color:#fff}.elementor-widget-text-editor.elementor-drop-cap-view-framed .elementor-drop-cap{color:#818a91;border:3px solid;background-color:transparent}.elementor-widget-text-editor:not(.elementor-drop-cap-view-default) .elementor-drop-cap{margin-top:8px}.elementor-widget-text-editor:not(.elementor-drop-cap-view-default) .elementor-drop-cap-letter{width:1em;height:1em}.elementor-widget-text-editor .elementor-drop-cap{float:left;text-align:center;line-height:1;font-size:50px}.elementor-widget-text-editor .elementor-drop-cap-letter{display:inline-block}<\/style>\t\t\t\t<p>Kundenzufriedenheit steht bei uns an erster Stelle. Wir bieten Ihnen daher Zuverl\u00e4ssigkeit, P\u00fcnktlichkeit und auf Ihre W\u00fcnsche abgestimmte Termine.<\/p>\t\t\t\t\t\t<\/div>\n\t\t\t\t<\/div>\n\t\t\t\t<div class=\"elementor-element elementor-element-17980b7 elementor-widget elementor-widget-text-editor\" data-id=\"17980b7\" data-element_type=\"widget\" data-widget_type=\"text-editor.default\">\n\t\t\t\t<div class=\"elementor-widget-container\">\n\t\t\t\t\t\t\t<p>Gerne nehmen wir Besichtigungen vor und erstellen Ihnen anschlie\u00dfend individuelle Angebote.<br \/>Dieser Service ist f\u00fcr Sie kostenlos.<br \/>Unser Unternehmen verf\u00fcgt selbstverst\u00e4ndlich \u00fcber alle erforderlichen Versicherungen und Lizenzen.<\/p>\t\t\t\t\t\t<\/div>\n\t\t\t\t<\/div>\n\t\t\t\t<div class=\"elementor-element elementor-element-bc3bfca elementor-view-default elementor-vertical-align-top elementor-widget elementor-widget-icon-box\" data-id=\"bc3bfca\" data-element_type=\"widget\" data-widget_type=\"icon-box.default\">\n\t\t\t\t<div class=\"elementor-widget-container\">\n\t\t\t\t\t<div class=\"elementor-icon-box-wrapper\">\n\t\t\t\t\t\t<div class=\"elementor-icon-box-content\">\n\t\t\t\t<h6 class=\"elementor-icon-box-title\">\n\t\t\t\t\t<span  >\n\t\t\t\t\t\tBrauchen Sie Hilfe? Kontaktiere uns\t\t\t\t\t<\/span>\n\t\t\t\t<\/h6>\n\t\t\t\t\t\t\t\t\t<p class=\"elementor-icon-box-description\">\n\t\t\t\t\t\tTel: 0179-8113744<br>\nbobs.umzuege@gmail.com\t\t\t\t\t<\/p>\n\t\t\t\t\t\t\t<\/div>\n\t\t<\/div>\n\t\t\t\t<\/div>\n\t\t\t\t<\/div>\n\t\t\t\t\t<\/div>\n\t\t<\/div>\n\t\t\t\t\t\t\t<\/div>\n\t\t<\/section>\n\t\t\t\t\t\t\t<\/div>\n\t\t","protected":false},"excerpt":{"rendered":"<p>\u00dcber uns: \u00dcber Bobtransporte Wir sind ein Umzugsunternehmen aus Niedernhausen. Durch jahrelange Umzugserfahrung wissen wir genau, was zu tun ist, um Ihre M\u00f6bel sicher an den Zielort zu transportieren. Kundenzufriedenheit steht bei uns an erster Stelle. Wir bieten Ihnen daher Zuverl\u00e4ssigkeit, P\u00fcnktlichkeit und auf Ihre W\u00fcnsche abgestimmte Termine. Gerne nehmen wir Besichtigungen vor und erstellen &hellip;<\/p>\n<p class=\"read-more\"> <a class=\"\" href=\"https:\/\/bobtransport.de\/?page_id=637\"> <span class=\"screen-reader-text\">About<\/span> Read More &raquo;<\/a><\/p>\n","protected":false},"author":1,"featured_media":0,"parent":0,"menu_order":0,"comment_status":"closed","ping_status":"closed","template":"","meta":{"site-sidebar-layout":"no-sidebar","site-content-layout":"page-builder","ast-global-header-display":"","ast-main-header-display":"","ast-hfb-above-header-display":"","ast-hfb-below-header-display":"","ast-hfb-mobile-header-display":"","site-post-title":"disabled","ast-breadcrumbs-content":"disabled","ast-featured-img":"disabled","footer-sml-layout":"","theme-transparent-header-meta":"enabled","adv-header-id-meta":"","stick-header-meta":"","header-above-stick-meta":"","header-main-stick-meta":"","header-below-stick-meta":""},"yoast_head":"<!-- This site is optimized with the Yoast SEO plugin v20.2.1 - https:\/\/yoast.com\/wordpress\/plugins\/seo\/ -->\n<title>About - bobtransporte<\/title>\n<meta name=\"robots\" content=\"index, follow, max-snippet:-1, max-image-preview:large, max-video-preview:-1\" \/>\n<link rel=\"canonical\" href=\"https:\/\/bobtransport.de\/?page_id=637\" \/>\n<meta property=\"og:locale\" content=\"en_US\" \/>\n<meta property=\"og:type\" content=\"article\" \/>\n<meta property=\"og:title\" content=\"About - bobtransporte\" \/>\n<meta property=\"og:description\" content=\"\u00dcber uns: \u00dcber Bobtransporte Wir sind ein Umzugsunternehmen aus Niedernhausen. Durch jahrelange Umzugserfahrung wissen wir genau, was zu tun ist, um Ihre M\u00f6bel sicher an den Zielort zu transportieren. Kundenzufriedenheit steht bei uns an erster Stelle. Wir bieten Ihnen daher Zuverl\u00e4ssigkeit, P\u00fcnktlichkeit und auf Ihre W\u00fcnsche abgestimmte Termine. Gerne nehmen wir Besichtigungen vor und erstellen &hellip; About Read More &raquo;\" \/>\n<meta property=\"og:url\" content=\"https:\/\/bobtransport.de\/?page_id=637\" \/>\n<meta property=\"og:site_name\" content=\"bobtransporte\" \/>\n<meta property=\"article:modified_time\" content=\"2023-03-07T19:47:04+00:00\" \/>\n<meta property=\"og:image\" content=\"http:\/\/bobtransport.de\/wp-content\/uploads\/2023\/03\/chef-e1678218073480-920x1024.jpg\" \/>\n<meta name=\"twitter:card\" content=\"summary_large_image\" \/>\n<meta name=\"twitter:label1\" content=\"Est. reading time\" \/>\n\t<meta name=\"twitter:data1\" content=\"1 minute\" \/>\n<script type=\"application\/ld+json\" class=\"yoast-schema-graph\">{\"@context\":\"https:\/\/schema.org\",\"@graph\":[{\"@type\":\"WebPage\",\"@id\":\"https:\/\/bobtransport.de\/?page_id=637\",\"url\":\"https:\/\/bobtransport.de\/?page_id=637\",\"name\":\"About - bobtransporte\",\"isPartOf\":{\"@id\":\"https:\/\/bobtransport.de\/#website\"},\"datePublished\":\"2021-06-12T06:25:18+00:00\",\"dateModified\":\"2023-03-07T19:47:04+00:00\",\"breadcrumb\":{\"@id\":\"https:\/\/bobtransport.de\/?page_id=637#breadcrumb\"},\"inLanguage\":\"en-US\",\"potentialAction\":[{\"@type\":\"ReadAction\",\"target\":[\"https:\/\/bobtransport.de\/?page_id=637\"]}]},{\"@type\":\"BreadcrumbList\",\"@id\":\"https:\/\/bobtransport.de\/?page_id=637#breadcrumb\",\"itemListElement\":[{\"@type\":\"ListItem\",\"position\":1,\"name\":\"Home\",\"item\":\"https:\/\/bobtransport.de\/\"},{\"@type\":\"ListItem\",\"position\":2,\"name\":\"About\"}]},{\"@type\":\"WebSite\",\"@id\":\"https:\/\/bobtransport.de\/#website\",\"url\":\"https:\/\/bobtransport.de\/\",\"name\":\"bobtransporte\",\"description\":\"\",\"publisher\":{\"@id\":\"https:\/\/bobtransport.de\/#organization\"},\"potentialAction\":[{\"@type\":\"SearchAction\",\"target\":{\"@type\":\"EntryPoint\",\"urlTemplate\":\"https:\/\/bobtransport.de\/?s={search_term_string}\"},\"query-input\":\"required name=search_term_string\"}],\"inLanguage\":\"en-US\"},{\"@type\":\"Organization\",\"@id\":\"https:\/\/bobtransport.de\/#organization\",\"name\":\"bobtransporte\",\"url\":\"https:\/\/bobtransport.de\/\",\"logo\":{\"@type\":\"ImageObject\",\"inLanguage\":\"en-US\",\"@id\":\"https:\/\/bobtransport.de\/#\/schema\/logo\/image\/\",\"url\":\"https:\/\/bobtransport.de\/wp-content\/uploads\/2023\/03\/Bob-transporte-Logo-2.png\",\"contentUrl\":\"https:\/\/bobtransport.de\/wp-content\/uploads\/2023\/03\/Bob-transporte-Logo-2.png\",\"width\":2428,\"height\":1529,\"caption\":\"bobtransporte\"},\"image\":{\"@id\":\"https:\/\/bobtransport.de\/#\/schema\/logo\/image\/\"}}]}<\/script>\n<!-- \/ Yoast SEO plugin. -->","yoast_head_json":{"title":"About - bobtransporte","robots":{"index":"index","follow":"follow","max-snippet":"max-snippet:-1","max-image-preview":"max-image-preview:large","max-video-preview":"max-video-preview:-1"},"canonical":"https:\/\/bobtransport.de\/?page_id=637","og_locale":"en_US","og_type":"article","og_title":"About - bobtransporte","og_description":"\u00dcber uns: \u00dcber Bobtransporte Wir sind ein Umzugsunternehmen aus Niedernhausen. Durch jahrelange Umzugserfahrung wissen wir genau, was zu tun ist, um Ihre M\u00f6bel sicher an den Zielort zu transportieren. Kundenzufriedenheit steht bei uns an erster Stelle. Wir bieten Ihnen daher Zuverl\u00e4ssigkeit, P\u00fcnktlichkeit und auf Ihre W\u00fcnsche abgestimmte Termine. Gerne nehmen wir Besichtigungen vor und erstellen &hellip; About Read More &raquo;","og_url":"https:\/\/bobtransport.de\/?page_id=637","og_site_name":"bobtransporte","article_modified_time":"2023-03-07T19:47:04+00:00","og_image":[{"url":"http:\/\/bobtransport.de\/wp-content\/uploads\/2023\/03\/chef-e1678218073480-920x1024.jpg"}],"twitter_card":"summary_large_image","twitter_misc":{"Est. reading time":"1 minute"},"schema":{"@context":"https:\/\/schema.org","@graph":[{"@type":"WebPage","@id":"https:\/\/bobtransport.de\/?page_id=637","url":"https:\/\/bobtransport.de\/?page_id=637","name":"About - bobtransporte","isPartOf":{"@id":"https:\/\/bobtransport.de\/#website"},"datePublished":"2021-06-12T06:25:18+00:00","dateModified":"2023-03-07T19:47:04+00:00","breadcrumb":{"@id":"https:\/\/bobtransport.de\/?page_id=637#breadcrumb"},"inLanguage":"en-US","potentialAction":[{"@type":"ReadAction","target":["https:\/\/bobtransport.de\/?page_id=637"]}]},{"@type":"BreadcrumbList","@id":"https:\/\/bobtransport.de\/?page_id=637#breadcrumb","itemListElement":[{"@type":"ListItem","position":1,"name":"Home","item":"https:\/\/bobtransport.de\/"},{"@type":"ListItem","position":2,"name":"About"}]},{"@type":"WebSite","@id":"https:\/\/bobtransport.de\/#website","url":"https:\/\/bobtransport.de\/","name":"bobtransporte","description":"","publisher":{"@id":"https:\/\/bobtransport.de\/#organization"},"potentialAction":[{"@type":"SearchAction","target":{"@type":"EntryPoint","urlTemplate":"https:\/\/bobtransport.de\/?s={search_term_string}"},"query-input":"required name=search_term_string"}],"inLanguage":"en-US"},{"@type":"Organization","@id":"https:\/\/bobtransport.de\/#organization","name":"bobtransporte","url":"https:\/\/bobtransport.de\/","logo":{"@type":"ImageObject","inLanguage":"en-US","@id":"https:\/\/bobtransport.de\/#\/schema\/logo\/image\/","url":"https:\/\/bobtransport.de\/wp-content\/uploads\/2023\/03\/Bob-transporte-Logo-2.png","contentUrl":"https:\/\/bobtransport.de\/wp-content\/uploads\/2023\/03\/Bob-transporte-Logo-2.png","width":2428,"height":1529,"caption":"bobtransporte"},"image":{"@id":"https:\/\/bobtransport.de\/#\/schema\/logo\/image\/"}}]}},"_links":{"self":[{"href":"https:\/\/bobtransport.de\/index.php?rest_route=\/wp\/v2\/pages\/637"}],"collection":[{"href":"https:\/\/bobtransport.de\/index.php?rest_route=\/wp\/v2\/pages"}],"about":[{"href":"https:\/\/bobtransport.de\/index.php?rest_route=\/wp\/v2\/types\/page"}],"author":[{"embeddable":true,"href":"https:\/\/bobtransport.de\/index.php?rest_route=\/wp\/v2\/users\/1"}],"replies":[{"embeddable":true,"href":"https:\/\/bobtransport.de\/index.php?rest_route=%2Fwp%2Fv2%2Fcomments&post=637"}],"version-history":[{"count":46,"href":"https:\/\/bobtransport.de\/index.php?rest_route=\/wp\/v2\/pages\/637\/revisions"}],"predecessor-version":[{"id":1407,"href":"https:\/\/bobtransport.de\/index.php?rest_route=\/wp\/v2\/pages\/637\/revisions\/1407"}],"wp:attachment":[{"href":"https:\/\/bobtransport.de\/index.php?rest_route=%2Fwp%2Fv2%2Fmedia&parent=637"}],"curies":[{"name":"wp","href":"https:\/\/api.w.org\/{rel}","templated":true}]}}