{"id":939,"date":"2021-06-12T06:25:44","date_gmt":"2021-06-12T06:25:44","guid":{"rendered":"http:\/\/bobtransport.de\/?page_id=939"},"modified":"2023-03-07T05:36:19","modified_gmt":"2023-03-07T05:36:19","slug":"services","status":"publish","type":"page","link":"https:\/\/bobtransport.de\/?page_id=939","title":{"rendered":"Services"},"content":{"rendered":"\t\t<div data-elementor-type=\"wp-page\" data-elementor-id=\"939\" class=\"elementor elementor-939\">\n\t\t\t\t\t\t\t\t\t<section class=\"elementor-section elementor-top-section elementor-element elementor-element-623ea53 elementor-section-boxed elementor-section-height-default elementor-section-height-default\" data-id=\"623ea53\" data-element_type=\"section\" data-settings=\"{&quot;background_background&quot;:&quot;slideshow&quot;,&quot;background_slideshow_gallery&quot;:[{&quot;id&quot;:1283,&quot;url&quot;:&quot;http:\\\/\\\/bobtransport.de\\\/wp-content\\\/uploads\\\/2023\\\/03\\\/aboutmain-1.jpg&quot;},{&quot;id&quot;:1282,&quot;url&quot;:&quot;http:\\\/\\\/bobtransport.de\\\/wp-content\\\/uploads\\\/2023\\\/03\\\/4-1.jpg&quot;},{&quot;id&quot;:1286,&quot;url&quot;:&quot;http:\\\/\\\/bobtransport.de\\\/wp-content\\\/uploads\\\/2023\\\/03\\\/about-1.jpg&quot;},{&quot;id&quot;:1287,&quot;url&quot;:&quot;http:\\\/\\\/bobtransport.de\\\/wp-content\\\/uploads\\\/2023\\\/03\\\/firmenumzug2-1.jpg&quot;}],&quot;background_slideshow_loop&quot;:&quot;yes&quot;,&quot;background_slideshow_slide_duration&quot;:5000,&quot;background_slideshow_slide_transition&quot;:&quot;fade&quot;,&quot;background_slideshow_transition_duration&quot;:500}\">\n\t\t\t\t\t\t\t<div class=\"elementor-background-overlay\"><\/div>\n\t\t\t\t\t\t\t<div class=\"elementor-container elementor-column-gap-no\">\n\t\t\t\t\t<div class=\"elementor-column elementor-col-100 elementor-top-column elementor-element elementor-element-21ddeff\" data-id=\"21ddeff\" data-element_type=\"column\">\n\t\t\t<div class=\"elementor-widget-wrap elementor-element-populated\">\n\t\t\t\t\t\t\t\t<div class=\"elementor-element elementor-element-a09d3bc elementor-widget elementor-widget-heading\" data-id=\"a09d3bc\" data-element_type=\"widget\" data-widget_type=\"heading.default\">\n\t\t\t\t<div class=\"elementor-widget-container\">\n\t\t\t<style>\/*! elementor - v3.11.3 - 07-03-2023 *\/\n.elementor-heading-title{padding:0;margin:0;line-height:1}.elementor-widget-heading .elementor-heading-title[class*=elementor-size-]>a{color:inherit;font-size:inherit;line-height:inherit}.elementor-widget-heading .elementor-heading-title.elementor-size-small{font-size:15px}.elementor-widget-heading .elementor-heading-title.elementor-size-medium{font-size:19px}.elementor-widget-heading .elementor-heading-title.elementor-size-large{font-size:29px}.elementor-widget-heading .elementor-heading-title.elementor-size-xl{font-size:39px}.elementor-widget-heading .elementor-heading-title.elementor-size-xxl{font-size:59px}<\/style><h1 class=\"elementor-heading-title elementor-size-default\"> Leistungen<\/h1>\t\t<\/div>\n\t\t\t\t<\/div>\n\t\t\t\t\t<\/div>\n\t\t<\/div>\n\t\t\t\t\t\t\t<\/div>\n\t\t<\/section>\n\t\t\t\t<section class=\"elementor-section elementor-top-section elementor-element elementor-element-e6eecd6 elementor-section-boxed elementor-section-height-default elementor-section-height-default\" data-id=\"e6eecd6\" data-element_type=\"section\" data-settings=\"{&quot;background_background&quot;:&quot;classic&quot;}\">\n\t\t\t\t\t\t\t<div class=\"elementor-background-overlay\"><\/div>\n\t\t\t\t\t\t\t<div class=\"elementor-container elementor-column-gap-no\">\n\t\t\t\t\t<div class=\"elementor-column elementor-col-100 elementor-top-column elementor-element elementor-element-75764c5\" data-id=\"75764c5\" data-element_type=\"column\">\n\t\t\t<div class=\"elementor-widget-wrap elementor-element-populated\">\n\t\t\t\t\t\t\t\t<div class=\"elementor-element elementor-element-a3030da elementor-widget elementor-widget-heading\" data-id=\"a3030da\" data-element_type=\"widget\" data-widget_type=\"heading.default\">\n\t\t\t\t<div class=\"elementor-widget-container\">\n\t\t\t<h6 class=\"elementor-heading-title elementor-size-default\">Unsere Leistungen:<\/h6>\t\t<\/div>\n\t\t\t\t<\/div>\n\t\t\t\t<div class=\"elementor-element elementor-element-1dbc89b elementor-widget elementor-widget-heading\" data-id=\"1dbc89b\" data-element_type=\"widget\" data-widget_type=\"heading.default\">\n\t\t\t\t<div class=\"elementor-widget-container\">\n\t\t\t<h2 class=\"elementor-heading-title elementor-size-default\">Vertrauen Sie der Erfahrung<\/h2>\t\t<\/div>\n\t\t\t\t<\/div>\n\t\t\t\t<div class=\"elementor-element elementor-element-b9529bc elementor-widget__width-initial elementor-widget-tablet__width-initial elementor-widget-mobile__width-inherit elementor-position-top elementor-vertical-align-top elementor-widget elementor-widget-image-box\" data-id=\"b9529bc\" data-element_type=\"widget\" data-widget_type=\"image-box.default\">\n\t\t\t\t<div class=\"elementor-widget-container\">\n\t\t\t<style>\/*! elementor - v3.11.3 - 07-03-2023 *\/\n.elementor-widget-image-box .elementor-image-box-content{width:100%}@media (min-width:768px){.elementor-widget-image-box.elementor-position-left .elementor-image-box-wrapper,.elementor-widget-image-box.elementor-position-right .elementor-image-box-wrapper{display:flex}.elementor-widget-image-box.elementor-position-right .elementor-image-box-wrapper{text-align:right;flex-direction:row-reverse}.elementor-widget-image-box.elementor-position-left .elementor-image-box-wrapper{text-align:left;flex-direction:row}.elementor-widget-image-box.elementor-position-top .elementor-image-box-img{margin:auto}.elementor-widget-image-box.elementor-vertical-align-top .elementor-image-box-wrapper{align-items:flex-start}.elementor-widget-image-box.elementor-vertical-align-middle .elementor-image-box-wrapper{align-items:center}.elementor-widget-image-box.elementor-vertical-align-bottom .elementor-image-box-wrapper{align-items:flex-end}}@media (max-width:767px){.elementor-widget-image-box .elementor-image-box-img{margin-left:auto!important;margin-right:auto!important;margin-bottom:15px}}.elementor-widget-image-box .elementor-image-box-img{display:inline-block}.elementor-widget-image-box .elementor-image-box-title a{color:inherit}.elementor-widget-image-box .elementor-image-box-wrapper{text-align:center}.elementor-widget-image-box .elementor-image-box-description{margin:0}<\/style><div class=\"elementor-image-box-wrapper\"><figure class=\"elementor-image-box-img\"><img decoding=\"async\" width=\"550\" height=\"390\" src=\"https:\/\/bobtransport.de\/wp-content\/uploads\/2023\/03\/privatumzug-2-1.jpg\" class=\"attachment-large size-large wp-image-1288\" alt=\"\" loading=\"lazy\" srcset=\"https:\/\/bobtransport.de\/wp-content\/uploads\/2023\/03\/privatumzug-2-1.jpg 550w, https:\/\/bobtransport.de\/wp-content\/uploads\/2023\/03\/privatumzug-2-1-300x213.jpg 300w\" sizes=\"(max-width: 550px) 100vw, 550px\" \/><\/figure><div class=\"elementor-image-box-content\"><h4 class=\"elementor-image-box-title\">Privatumzug<\/h4><p class=\"elementor-image-box-description\">Professioneller und fachgerechter Umzug von Privathaushalten im In- & Ausland. Ihr Privatumzug ist bei uns in sicheren und seri\u00f6sen H\u00e4nden.<\/p><\/div><\/div>\t\t<\/div>\n\t\t\t\t<\/div>\n\t\t\t\t<div class=\"elementor-element elementor-element-1ee8e7c elementor-widget__width-initial elementor-widget-tablet__width-initial elementor-widget-mobile__width-inherit elementor-position-top elementor-vertical-align-top elementor-widget elementor-widget-image-box\" data-id=\"1ee8e7c\" data-element_type=\"widget\" data-widget_type=\"image-box.default\">\n\t\t\t\t<div class=\"elementor-widget-container\">\n\t\t\t<div class=\"elementor-image-box-wrapper\"><figure class=\"elementor-image-box-img\"><img decoding=\"async\" width=\"849\" height=\"566\" src=\"https:\/\/bobtransport.de\/wp-content\/uploads\/2023\/03\/firmenumzug2-1.jpg\" class=\"attachment-large size-large wp-image-1287\" alt=\"\" loading=\"lazy\" srcset=\"https:\/\/bobtransport.de\/wp-content\/uploads\/2023\/03\/firmenumzug2-1.jpg 849w, https:\/\/bobtransport.de\/wp-content\/uploads\/2023\/03\/firmenumzug2-1-300x200.jpg 300w, https:\/\/bobtransport.de\/wp-content\/uploads\/2023\/03\/firmenumzug2-1-768x512.jpg 768w\" sizes=\"(max-width: 849px) 100vw, 849px\" \/><\/figure><div class=\"elementor-image-box-content\"><h4 class=\"elementor-image-box-title\">Firmenumzug<\/h4><p class=\"elementor-image-box-description\">Mit Bobtransport haben Sie den richtigen Partner wenn es um Ihren Firmenumzug bzw. B\u00fcroumzug geht. Termingerechte, schnelle & g\u00fcnstige Firmen\u00fcbersiedlungen.<\/p><\/div><\/div>\t\t<\/div>\n\t\t\t\t<\/div>\n\t\t\t\t<div class=\"elementor-element elementor-element-cd7a0c6 elementor-widget__width-initial elementor-widget-tablet__width-initial elementor-widget-mobile__width-inherit elementor-position-top elementor-vertical-align-top elementor-widget elementor-widget-image-box\" data-id=\"cd7a0c6\" data-element_type=\"widget\" data-widget_type=\"image-box.default\">\n\t\t\t\t<div class=\"elementor-widget-container\">\n\t\t\t<div class=\"elementor-image-box-wrapper\"><figure class=\"elementor-image-box-img\"><img decoding=\"async\" width=\"1000\" height=\"665\" src=\"https:\/\/bobtransport.de\/wp-content\/uploads\/2023\/03\/Entrumpelung2-1-1.jpg\" class=\"attachment-large size-large wp-image-1289\" alt=\"\" loading=\"lazy\" srcset=\"https:\/\/bobtransport.de\/wp-content\/uploads\/2023\/03\/Entrumpelung2-1-1.jpg 1000w, https:\/\/bobtransport.de\/wp-content\/uploads\/2023\/03\/Entrumpelung2-1-1-300x200.jpg 300w, https:\/\/bobtransport.de\/wp-content\/uploads\/2023\/03\/Entrumpelung2-1-1-768x511.jpg 768w\" sizes=\"(max-width: 1000px) 100vw, 1000px\" \/><\/figure><div class=\"elementor-image-box-content\"><h4 class=\"elementor-image-box-title\">Entr\u00fcmpelung<\/h4><p class=\"elementor-image-box-description\">Neben Umz\u00fcgen bieten wir auch die Entr\u00fcmpelung von Altm\u00f6bel. Kontaktieren Sie noch heute unseren Entr\u00fcmpler f\u00fcr die fachgerechte R\u00e4umung Ihrer Wohnung.<\/p><\/div><\/div>\t\t<\/div>\n\t\t\t\t<\/div>\n\t\t\t\t\t<\/div>\n\t\t<\/div>\n\t\t\t\t\t\t\t<\/div>\n\t\t<\/section>\n\t\t\t\t<section class=\"elementor-section elementor-top-section elementor-element elementor-element-fdb1e5e elementor-section-boxed elementor-section-height-default elementor-section-height-default\" data-id=\"fdb1e5e\" data-element_type=\"section\" data-settings=\"{&quot;shape_divider_top&quot;:&quot;opacity-tilt&quot;,&quot;background_background&quot;:&quot;slideshow&quot;,&quot;background_slideshow_gallery&quot;:[{&quot;id&quot;:1298,&quot;url&quot;:&quot;http:\\\/\\\/bobtransport.de\\\/wp-content\\\/uploads\\\/2023\\\/03\\\/Privatumzug-1.jpg&quot;},{&quot;id&quot;:1290,&quot;url&quot;:&quot;http:\\\/\\\/bobtransport.de\\\/wp-content\\\/uploads\\\/2023\\\/03\\\/service3-scaled-1.jpg&quot;},{&quot;id&quot;:1282,&quot;url&quot;:&quot;http:\\\/\\\/bobtransport.de\\\/wp-content\\\/uploads\\\/2023\\\/03\\\/4-1.jpg&quot;}],&quot;background_slideshow_loop&quot;:&quot;yes&quot;,&quot;background_slideshow_slide_duration&quot;:5000,&quot;background_slideshow_slide_transition&quot;:&quot;fade&quot;,&quot;background_slideshow_transition_duration&quot;:500}\">\n\t\t\t\t\t\t\t<div class=\"elementor-background-overlay\"><\/div>\n\t\t\t\t\t\t<div class=\"elementor-shape elementor-shape-top\" data-negative=\"false\">\n\t\t\t<svg xmlns=\"http:\/\/www.w3.org\/2000\/svg\" viewBox=\"0 0 2600 131.1\" preserveAspectRatio=\"none\">\n\t<path class=\"elementor-shape-fill\" d=\"M0 0L2600 0 2600 69.1 0 0z\"\/>\n\t<path class=\"elementor-shape-fill\" style=\"opacity:0.5\" d=\"M0 0L2600 0 2600 69.1 0 69.1z\"\/>\n\t<path class=\"elementor-shape-fill\" style=\"opacity:0.25\" d=\"M2600 0L0 0 0 130.1 2600 69.1z\"\/>\n<\/svg>\t\t<\/div>\n\t\t\t\t\t<div class=\"elementor-container elementor-column-gap-no\">\n\t\t\t\t\t<div class=\"elementor-column elementor-col-100 elementor-top-column elementor-element elementor-element-ad7e385\" data-id=\"ad7e385\" data-element_type=\"column\" data-settings=\"{&quot;background_background&quot;:&quot;gradient&quot;}\">\n\t\t\t<div class=\"elementor-widget-wrap elementor-element-populated\">\n\t\t\t\t\t\t\t\t<div class=\"elementor-element elementor-element-9924f6e elementor-view-default elementor-vertical-align-top elementor-widget elementor-widget-icon-box\" data-id=\"9924f6e\" data-element_type=\"widget\" data-widget_type=\"icon-box.default\">\n\t\t\t\t<div class=\"elementor-widget-container\">\n\t\t\t<link rel=\"stylesheet\" href=\"https:\/\/bobtransport.de\/wp-content\/plugins\/elementor\/assets\/css\/widget-icon-box.min.css\">\t\t<div class=\"elementor-icon-box-wrapper\">\n\t\t\t\t\t\t<div class=\"elementor-icon-box-content\">\n\t\t\t\t<h2 class=\"elementor-icon-box-title\">\n\t\t\t\t\t<span  >\n\t\t\t\t\t\tTerminvereinbarung\t\t\t\t\t<\/span>\n\t\t\t\t<\/h2>\n\t\t\t\t\t\t\t\t\t<p class=\"elementor-icon-box-description\">\n\t\t\t\t\t\tNehmen Sie Kontakt zu uns auf. Wir beraten Sie gerne und erstellen Ihnen (auch nach Besichtigung) ein individuelles, kostenloses und unverbindliches Angebot.\t\t\t\t\t<\/p>\n\t\t\t\t\t\t\t<\/div>\n\t\t<\/div>\n\t\t\t\t<\/div>\n\t\t\t\t<\/div>\n\t\t\t\t<div class=\"elementor-element elementor-element-7bfb18c elementor-widget elementor-widget-heading\" data-id=\"7bfb18c\" data-element_type=\"widget\" data-widget_type=\"heading.default\">\n\t\t\t\t<div class=\"elementor-widget-container\">\n\t\t\t<h2 class=\"elementor-heading-title elementor-size-default\">Telefonnummer:<br>\n 0179 8113744\n\n<\/h2>\t\t<\/div>\n\t\t\t\t<\/div>\n\t\t\t\t\t<\/div>\n\t\t<\/div>\n\t\t\t\t\t\t\t<\/div>\n\t\t<\/section>\n\t\t\t\t\t\t\t<\/div>\n\t\t","protected":false},"excerpt":{"rendered":"<p>Leistungen Unsere Leistungen: Vertrauen Sie der Erfahrung Privatumzug Professioneller und fachgerechter Umzug von Privathaushalten im In- &#038; Ausland. Ihr Privatumzug ist bei uns in sicheren und seri\u00f6sen H\u00e4nden. Firmenumzug Mit Bobtransport haben Sie den richtigen Partner wenn es um Ihren Firmenumzug bzw. B\u00fcroumzug geht. Termingerechte, schnelle &#038; g\u00fcnstige Firmen\u00fcbersiedlungen. Entr\u00fcmpelung Neben Umz\u00fcgen bieten wir auch &hellip;<\/p>\n<p class=\"read-more\"> <a class=\"\" href=\"https:\/\/bobtransport.de\/?page_id=939\"> <span class=\"screen-reader-text\">Services<\/span> Read More &raquo;<\/a><\/p>\n","protected":false},"author":1,"featured_media":0,"parent":0,"menu_order":0,"comment_status":"closed","ping_status":"closed","template":"","meta":{"site-sidebar-layout":"no-sidebar","site-content-layout":"page-builder","ast-global-header-display":"","ast-main-header-display":"","ast-hfb-above-header-display":"","ast-hfb-below-header-display":"","ast-hfb-mobile-header-display":"","site-post-title":"disabled","ast-breadcrumbs-content":"disabled","ast-featured-img":"disabled","footer-sml-layout":"","theme-transparent-header-meta":"enabled","adv-header-id-meta":"","stick-header-meta":"","header-above-stick-meta":"","header-main-stick-meta":"","header-below-stick-meta":""},"yoast_head":"<!-- This site is optimized with the Yoast SEO plugin v20.2.1 - https:\/\/yoast.com\/wordpress\/plugins\/seo\/ -->\n<title>Services - bobtransporte<\/title>\n<meta name=\"robots\" content=\"index, follow, max-snippet:-1, max-image-preview:large, max-video-preview:-1\" \/>\n<link rel=\"canonical\" href=\"https:\/\/bobtransport.de\/?page_id=939\" \/>\n<meta property=\"og:locale\" content=\"en_US\" \/>\n<meta property=\"og:type\" content=\"article\" \/>\n<meta property=\"og:title\" content=\"Services - bobtransporte\" \/>\n<meta property=\"og:description\" content=\"Leistungen Unsere Leistungen: Vertrauen Sie der Erfahrung Privatumzug Professioneller und fachgerechter Umzug von Privathaushalten im In- &#038; Ausland. Ihr Privatumzug ist bei uns in sicheren und seri\u00f6sen H\u00e4nden. Firmenumzug Mit Bobtransport haben Sie den richtigen Partner wenn es um Ihren Firmenumzug bzw. B\u00fcroumzug geht. Termingerechte, schnelle &#038; g\u00fcnstige Firmen\u00fcbersiedlungen. Entr\u00fcmpelung Neben Umz\u00fcgen bieten wir auch &hellip; Services Read More &raquo;\" \/>\n<meta property=\"og:url\" content=\"https:\/\/bobtransport.de\/?page_id=939\" \/>\n<meta property=\"og:site_name\" content=\"bobtransporte\" \/>\n<meta property=\"article:modified_time\" content=\"2023-03-07T05:36:19+00:00\" \/>\n<meta property=\"og:image\" content=\"http:\/\/bobtransport.de\/wp-content\/uploads\/2023\/03\/privatumzug-2-1.jpg\" \/>\n<meta name=\"twitter:card\" content=\"summary_large_image\" \/>\n<meta name=\"twitter:label1\" content=\"Est. reading time\" \/>\n\t<meta name=\"twitter:data1\" content=\"2 minutes\" \/>\n<script type=\"application\/ld+json\" class=\"yoast-schema-graph\">{\"@context\":\"https:\/\/schema.org\",\"@graph\":[{\"@type\":\"WebPage\",\"@id\":\"https:\/\/bobtransport.de\/?page_id=939\",\"url\":\"https:\/\/bobtransport.de\/?page_id=939\",\"name\":\"Services - bobtransporte\",\"isPartOf\":{\"@id\":\"https:\/\/bobtransport.de\/#website\"},\"datePublished\":\"2021-06-12T06:25:44+00:00\",\"dateModified\":\"2023-03-07T05:36:19+00:00\",\"breadcrumb\":{\"@id\":\"https:\/\/bobtransport.de\/?page_id=939#breadcrumb\"},\"inLanguage\":\"en-US\",\"potentialAction\":[{\"@type\":\"ReadAction\",\"target\":[\"https:\/\/bobtransport.de\/?page_id=939\"]}]},{\"@type\":\"BreadcrumbList\",\"@id\":\"https:\/\/bobtransport.de\/?page_id=939#breadcrumb\",\"itemListElement\":[{\"@type\":\"ListItem\",\"position\":1,\"name\":\"Home\",\"item\":\"https:\/\/bobtransport.de\/\"},{\"@type\":\"ListItem\",\"position\":2,\"name\":\"Services\"}]},{\"@type\":\"WebSite\",\"@id\":\"https:\/\/bobtransport.de\/#website\",\"url\":\"https:\/\/bobtransport.de\/\",\"name\":\"bobtransporte\",\"description\":\"\",\"publisher\":{\"@id\":\"https:\/\/bobtransport.de\/#organization\"},\"potentialAction\":[{\"@type\":\"SearchAction\",\"target\":{\"@type\":\"EntryPoint\",\"urlTemplate\":\"https:\/\/bobtransport.de\/?s={search_term_string}\"},\"query-input\":\"required name=search_term_string\"}],\"inLanguage\":\"en-US\"},{\"@type\":\"Organization\",\"@id\":\"https:\/\/bobtransport.de\/#organization\",\"name\":\"bobtransporte\",\"url\":\"https:\/\/bobtransport.de\/\",\"logo\":{\"@type\":\"ImageObject\",\"inLanguage\":\"en-US\",\"@id\":\"https:\/\/bobtransport.de\/#\/schema\/logo\/image\/\",\"url\":\"https:\/\/bobtransport.de\/wp-content\/uploads\/2023\/03\/Bob-transporte-Logo-2.png\",\"contentUrl\":\"https:\/\/bobtransport.de\/wp-content\/uploads\/2023\/03\/Bob-transporte-Logo-2.png\",\"width\":2428,\"height\":1529,\"caption\":\"bobtransporte\"},\"image\":{\"@id\":\"https:\/\/bobtransport.de\/#\/schema\/logo\/image\/\"}}]}<\/script>\n<!-- \/ Yoast SEO plugin. -->","yoast_head_json":{"title":"Services - bobtransporte","robots":{"index":"index","follow":"follow","max-snippet":"max-snippet:-1","max-image-preview":"max-image-preview:large","max-video-preview":"max-video-preview:-1"},"canonical":"https:\/\/bobtransport.de\/?page_id=939","og_locale":"en_US","og_type":"article","og_title":"Services - bobtransporte","og_description":"Leistungen Unsere Leistungen: Vertrauen Sie der Erfahrung Privatumzug Professioneller und fachgerechter Umzug von Privathaushalten im In- &#038; Ausland. Ihr Privatumzug ist bei uns in sicheren und seri\u00f6sen H\u00e4nden. Firmenumzug Mit Bobtransport haben Sie den richtigen Partner wenn es um Ihren Firmenumzug bzw. B\u00fcroumzug geht. Termingerechte, schnelle &#038; g\u00fcnstige Firmen\u00fcbersiedlungen. Entr\u00fcmpelung Neben Umz\u00fcgen bieten wir auch &hellip; Services Read More &raquo;","og_url":"https:\/\/bobtransport.de\/?page_id=939","og_site_name":"bobtransporte","article_modified_time":"2023-03-07T05:36:19+00:00","og_image":[{"url":"http:\/\/bobtransport.de\/wp-content\/uploads\/2023\/03\/privatumzug-2-1.jpg"}],"twitter_card":"summary_large_image","twitter_misc":{"Est. reading time":"2 minutes"},"schema":{"@context":"https:\/\/schema.org","@graph":[{"@type":"WebPage","@id":"https:\/\/bobtransport.de\/?page_id=939","url":"https:\/\/bobtransport.de\/?page_id=939","name":"Services - bobtransporte","isPartOf":{"@id":"https:\/\/bobtransport.de\/#website"},"datePublished":"2021-06-12T06:25:44+00:00","dateModified":"2023-03-07T05:36:19+00:00","breadcrumb":{"@id":"https:\/\/bobtransport.de\/?page_id=939#breadcrumb"},"inLanguage":"en-US","potentialAction":[{"@type":"ReadAction","target":["https:\/\/bobtransport.de\/?page_id=939"]}]},{"@type":"BreadcrumbList","@id":"https:\/\/bobtransport.de\/?page_id=939#breadcrumb","itemListElement":[{"@type":"ListItem","position":1,"name":"Home","item":"https:\/\/bobtransport.de\/"},{"@type":"ListItem","position":2,"name":"Services"}]},{"@type":"WebSite","@id":"https:\/\/bobtransport.de\/#website","url":"https:\/\/bobtransport.de\/","name":"bobtransporte","description":"","publisher":{"@id":"https:\/\/bobtransport.de\/#organization"},"potentialAction":[{"@type":"SearchAction","target":{"@type":"EntryPoint","urlTemplate":"https:\/\/bobtransport.de\/?s={search_term_string}"},"query-input":"required name=search_term_string"}],"inLanguage":"en-US"},{"@type":"Organization","@id":"https:\/\/bobtransport.de\/#organization","name":"bobtransporte","url":"https:\/\/bobtransport.de\/","logo":{"@type":"ImageObject","inLanguage":"en-US","@id":"https:\/\/bobtransport.de\/#\/schema\/logo\/image\/","url":"https:\/\/bobtransport.de\/wp-content\/uploads\/2023\/03\/Bob-transporte-Logo-2.png","contentUrl":"https:\/\/bobtransport.de\/wp-content\/uploads\/2023\/03\/Bob-transporte-Logo-2.png","width":2428,"height":1529,"caption":"bobtransporte"},"image":{"@id":"https:\/\/bobtransport.de\/#\/schema\/logo\/image\/"}}]}},"_links":{"self":[{"href":"https:\/\/bobtransport.de\/index.php?rest_route=\/wp\/v2\/pages\/939"}],"collection":[{"href":"https:\/\/bobtransport.de\/index.php?rest_route=\/wp\/v2\/pages"}],"about":[{"href":"https:\/\/bobtransport.de\/index.php?rest_route=\/wp\/v2\/types\/page"}],"author":[{"embeddable":true,"href":"https:\/\/bobtransport.de\/index.php?rest_route=\/wp\/v2\/users\/1"}],"replies":[{"embeddable":true,"href":"https:\/\/bobtransport.de\/index.php?rest_route=%2Fwp%2Fv2%2Fcomments&post=939"}],"version-history":[{"count":46,"href":"https:\/\/bobtransport.de\/index.php?rest_route=\/wp\/v2\/pages\/939\/revisions"}],"predecessor-version":[{"id":1324,"href":"https:\/\/bobtransport.de\/index.php?rest_route=\/wp\/v2\/pages\/939\/revisions\/1324"}],"wp:attachment":[{"href":"https:\/\/bobtransport.de\/index.php?rest_route=%2Fwp%2Fv2%2Fmedia&parent=939"}],"curies":[{"name":"wp","href":"https:\/\/api.w.org\/{rel}","templated":true}]}}